{"id":20937,"date":"2020-01-02T14:05:44","date_gmt":"2020-01-02T14:05:44","guid":{"rendered":"https:\/\/www.paraphernalia.gr\/shop\/?post_type=product&#038;p=20937"},"modified":"2026-04-21T22:28:06","modified_gmt":"2026-04-21T19:28:06","slug":"collect-lighting-disc-shade","status":"publish","type":"product","link":"https:\/\/www.paraphernalia.gr\/shop\/product\/lighting\/lamps\/collect-lighting-disc-shade\/","title":{"rendered":"Collect Lighting &#8211; Disc Shade"},"content":{"rendered":"<p>The minimalist <a href=\"https:\/\/www.paraphernalia.gr\/shop\/?s=collect+lighting&amp;post_type=product\">Collect Lighting System<\/a> can be individually configured and expanded as necessary. The cylindrical socket base is available in two heights and can be combined with any one of the lampshades in the series.\u00a0 Available in a variety of materials and colors the modular principle allows you to develop your very own personal light.<\/p>\n<p>The socket pendant comes complete with a decorative brass ring, ceiling cup and 3m fabric-covered electrical cord.<br \/>\nProviding subtle downward lighting for food preparation, reading or simply for ambience, this -white inside- small lampshade directs light to where you need it. The design lends a warm accent to any room, complementing almost every interior style.<\/p>\n<p>Choose first the size and color of the socket and then the color of the lampshade.<br \/>\nThe high or low socket pendant comes in black, brass, cashmere, light grey and rose.<br \/>\nThe disc shade comes in black, brass, cashmere and light grey.<\/p>\n<p>Dimensions: socket low \u00d8 6 x H 10.2 cm | socket high \u00d8 6 x H 17 cm | disc shade \u00d8 12 x H 7 cm<br \/>\n3m fabric cable | E27 bulb (not included)<\/p>\n","protected":false},"excerpt":{"rendered":"<p>Collect pendant light with disc shade made <span style=\"font-size: 1.4rem\">of powder coated metal.<br \/>\n<\/span>Designed by Ferm Living in Denmark.<\/p>\n","protected":false},"featured_media":21415,"template":"","meta":{"inline_featured_image":false},"product_cat":[85],"product_tag":[468,312],"class_list":{"0":"post-20937","1":"product","2":"type-product","3":"status-publish","4":"has-post-thumbnail","6":"product_cat-lamps","7":"product_tag-collect-lighting","8":"product_tag-ferm-living","9":"product_shipping_class-normal","11":"first","12":"instock","13":"taxable","14":"shipping-taxable","15":"purchasable","16":"product-type-variable","17":"layout-style-1","18":"col-md-4 col-sm-4 col-xs-6","19":"col-lg-3","20":"product-has-gallery","21":"product-style-slider"},"yoast_head":"<!-- This site is optimized with the Yoast SEO plugin v23.9 - https:\/\/yoast.com\/wordpress\/plugins\/seo\/ -->\n<title>Collect Lighting - Disc Shade - Lamps - Paraphernalia Athens<\/title>\n<meta name=\"robots\" content=\"index, follow, max-snippet:-1, max-image-preview:large, max-video-preview:-1\" \/>\n<link rel=\"canonical\" href=\"https:\/\/www.paraphernalia.gr\/shop\/product\/lighting\/lamps\/collect-lighting-disc-shade\/\" \/>\n<meta property=\"og:locale\" content=\"en_US\" \/>\n<meta property=\"og:type\" content=\"article\" \/>\n<meta property=\"og:title\" content=\"Collect Lighting - Disc Shade - Lamps - Paraphernalia Athens\" \/>\n<meta property=\"og:description\" content=\"Collect pendant light with disc shade made of powder coated metal. Designed by Ferm Living in Denmark.\" \/>\n<meta property=\"og:url\" content=\"https:\/\/www.paraphernalia.gr\/shop\/product\/lighting\/lamps\/collect-lighting-disc-shade\/\" \/>\n<meta property=\"og:site_name\" content=\"Paraphernalia Athens\" \/>\n<meta property=\"article:modified_time\" content=\"2026-04-21T19:28:06+00:00\" \/>\n<meta property=\"og:image\" content=\"https:\/\/www.paraphernalia.gr\/shop\/wp-content\/uploads\/2020\/01\/brass-high-black-feat.jpg\" \/>\n\t<meta property=\"og:image:width\" content=\"1000\" \/>\n\t<meta property=\"og:image:height\" content=\"1000\" \/>\n\t<meta property=\"og:image:type\" content=\"image\/jpeg\" \/>\n<meta name=\"twitter:label1\" content=\"Est. reading time\" \/>\n\t<meta name=\"twitter:data1\" content=\"2 minutes\" \/>\n<script type=\"application\/ld+json\" class=\"yoast-schema-graph\">{\"@context\":\"https:\/\/schema.org\",\"@graph\":[{\"@type\":\"WebPage\",\"@id\":\"https:\/\/www.paraphernalia.gr\/shop\/product\/lighting\/lamps\/collect-lighting-disc-shade\/\",\"url\":\"https:\/\/www.paraphernalia.gr\/shop\/product\/lighting\/lamps\/collect-lighting-disc-shade\/\",\"name\":\"Collect Lighting - Disc Shade - Lamps - Paraphernalia Athens\",\"isPartOf\":{\"@id\":\"https:\/\/www.paraphernalia.gr\/shop\/#website\"},\"primaryImageOfPage\":{\"@id\":\"https:\/\/www.paraphernalia.gr\/shop\/product\/lighting\/lamps\/collect-lighting-disc-shade\/#primaryimage\"},\"image\":{\"@id\":\"https:\/\/www.paraphernalia.gr\/shop\/product\/lighting\/lamps\/collect-lighting-disc-shade\/#primaryimage\"},\"thumbnailUrl\":\"https:\/\/www.paraphernalia.gr\/shop\/wp-content\/uploads\/2020\/01\/brass-high-black-feat.jpg\",\"datePublished\":\"2020-01-02T14:05:44+00:00\",\"dateModified\":\"2026-04-21T19:28:06+00:00\",\"breadcrumb\":{\"@id\":\"https:\/\/www.paraphernalia.gr\/shop\/product\/lighting\/lamps\/collect-lighting-disc-shade\/#breadcrumb\"},\"inLanguage\":\"en-US\",\"potentialAction\":[{\"@type\":\"ReadAction\",\"target\":[\"https:\/\/www.paraphernalia.gr\/shop\/product\/lighting\/lamps\/collect-lighting-disc-shade\/\"]}]},{\"@type\":\"ImageObject\",\"inLanguage\":\"en-US\",\"@id\":\"https:\/\/www.paraphernalia.gr\/shop\/product\/lighting\/lamps\/collect-lighting-disc-shade\/#primaryimage\",\"url\":\"https:\/\/www.paraphernalia.gr\/shop\/wp-content\/uploads\/2020\/01\/brass-high-black-feat.jpg\",\"contentUrl\":\"https:\/\/www.paraphernalia.gr\/shop\/wp-content\/uploads\/2020\/01\/brass-high-black-feat.jpg\",\"width\":1000,\"height\":1000},{\"@type\":\"BreadcrumbList\",\"@id\":\"https:\/\/www.paraphernalia.gr\/shop\/product\/lighting\/lamps\/collect-lighting-disc-shade\/#breadcrumb\",\"itemListElement\":[{\"@type\":\"ListItem\",\"position\":1,\"name\":\"Home\",\"item\":\"https:\/\/www.paraphernalia.gr\/shop\/\"},{\"@type\":\"ListItem\",\"position\":2,\"name\":\"Shop Redirect\",\"item\":\"https:\/\/www.paraphernalia.gr\/shop\/shop-redirect\/\"},{\"@type\":\"ListItem\",\"position\":3,\"name\":\"Lighting\",\"item\":\"https:\/\/www.paraphernalia.gr\/shop\/product-category\/lighting\/\"},{\"@type\":\"ListItem\",\"position\":4,\"name\":\"Lamps\",\"item\":\"https:\/\/www.paraphernalia.gr\/shop\/product-category\/lighting\/lamps\/\"},{\"@type\":\"ListItem\",\"position\":5,\"name\":\"Collect Lighting &#8211; Disc Shade\"}]},{\"@type\":\"WebSite\",\"@id\":\"https:\/\/www.paraphernalia.gr\/shop\/#website\",\"url\":\"https:\/\/www.paraphernalia.gr\/shop\/\",\"name\":\"Paraphernalia Athens\",\"description\":\"Greece - \u0395\u03bb\u03bb\u03ac\u03b4\u03b1\",\"potentialAction\":[{\"@type\":\"SearchAction\",\"target\":{\"@type\":\"EntryPoint\",\"urlTemplate\":\"https:\/\/www.paraphernalia.gr\/shop\/?s={search_term_string}\"},\"query-input\":{\"@type\":\"PropertyValueSpecification\",\"valueRequired\":true,\"valueName\":\"search_term_string\"}}],\"inLanguage\":\"en-US\"}]}<\/script>\n<!-- \/ Yoast SEO plugin. -->","yoast_head_json":{"title":"Collect Lighting - Disc Shade - Lamps - Paraphernalia Athens","robots":{"index":"index","follow":"follow","max-snippet":"max-snippet:-1","max-image-preview":"max-image-preview:large","max-video-preview":"max-video-preview:-1"},"canonical":"https:\/\/www.paraphernalia.gr\/shop\/product\/lighting\/lamps\/collect-lighting-disc-shade\/","og_locale":"en_US","og_type":"article","og_title":"Collect Lighting - Disc Shade - Lamps - Paraphernalia Athens","og_description":"Collect pendant light with disc shade made of powder coated metal. Designed by Ferm Living in Denmark.","og_url":"https:\/\/www.paraphernalia.gr\/shop\/product\/lighting\/lamps\/collect-lighting-disc-shade\/","og_site_name":"Paraphernalia Athens","article_modified_time":"2026-04-21T19:28:06+00:00","og_image":[{"width":1000,"height":1000,"url":"https:\/\/www.paraphernalia.gr\/shop\/wp-content\/uploads\/2020\/01\/brass-high-black-feat.jpg","type":"image\/jpeg"}],"twitter_misc":{"Est. reading time":"2 minutes"},"schema":{"@context":"https:\/\/schema.org","@graph":[{"@type":"WebPage","@id":"https:\/\/www.paraphernalia.gr\/shop\/product\/lighting\/lamps\/collect-lighting-disc-shade\/","url":"https:\/\/www.paraphernalia.gr\/shop\/product\/lighting\/lamps\/collect-lighting-disc-shade\/","name":"Collect Lighting - Disc Shade - Lamps - Paraphernalia Athens","isPartOf":{"@id":"https:\/\/www.paraphernalia.gr\/shop\/#website"},"primaryImageOfPage":{"@id":"https:\/\/www.paraphernalia.gr\/shop\/product\/lighting\/lamps\/collect-lighting-disc-shade\/#primaryimage"},"image":{"@id":"https:\/\/www.paraphernalia.gr\/shop\/product\/lighting\/lamps\/collect-lighting-disc-shade\/#primaryimage"},"thumbnailUrl":"https:\/\/www.paraphernalia.gr\/shop\/wp-content\/uploads\/2020\/01\/brass-high-black-feat.jpg","datePublished":"2020-01-02T14:05:44+00:00","dateModified":"2026-04-21T19:28:06+00:00","breadcrumb":{"@id":"https:\/\/www.paraphernalia.gr\/shop\/product\/lighting\/lamps\/collect-lighting-disc-shade\/#breadcrumb"},"inLanguage":"en-US","potentialAction":[{"@type":"ReadAction","target":["https:\/\/www.paraphernalia.gr\/shop\/product\/lighting\/lamps\/collect-lighting-disc-shade\/"]}]},{"@type":"ImageObject","inLanguage":"en-US","@id":"https:\/\/www.paraphernalia.gr\/shop\/product\/lighting\/lamps\/collect-lighting-disc-shade\/#primaryimage","url":"https:\/\/www.paraphernalia.gr\/shop\/wp-content\/uploads\/2020\/01\/brass-high-black-feat.jpg","contentUrl":"https:\/\/www.paraphernalia.gr\/shop\/wp-content\/uploads\/2020\/01\/brass-high-black-feat.jpg","width":1000,"height":1000},{"@type":"BreadcrumbList","@id":"https:\/\/www.paraphernalia.gr\/shop\/product\/lighting\/lamps\/collect-lighting-disc-shade\/#breadcrumb","itemListElement":[{"@type":"ListItem","position":1,"name":"Home","item":"https:\/\/www.paraphernalia.gr\/shop\/"},{"@type":"ListItem","position":2,"name":"Shop Redirect","item":"https:\/\/www.paraphernalia.gr\/shop\/shop-redirect\/"},{"@type":"ListItem","position":3,"name":"Lighting","item":"https:\/\/www.paraphernalia.gr\/shop\/product-category\/lighting\/"},{"@type":"ListItem","position":4,"name":"Lamps","item":"https:\/\/www.paraphernalia.gr\/shop\/product-category\/lighting\/lamps\/"},{"@type":"ListItem","position":5,"name":"Collect Lighting &#8211; Disc Shade"}]},{"@type":"WebSite","@id":"https:\/\/www.paraphernalia.gr\/shop\/#website","url":"https:\/\/www.paraphernalia.gr\/shop\/","name":"Paraphernalia Athens","description":"Greece - \u0395\u03bb\u03bb\u03ac\u03b4\u03b1","potentialAction":[{"@type":"SearchAction","target":{"@type":"EntryPoint","urlTemplate":"https:\/\/www.paraphernalia.gr\/shop\/?s={search_term_string}"},"query-input":{"@type":"PropertyValueSpecification","valueRequired":true,"valueName":"search_term_string"}}],"inLanguage":"en-US"}]}},"_links":{"self":[{"href":"https:\/\/www.paraphernalia.gr\/shop\/wp-json\/wp\/v2\/product\/20937"}],"collection":[{"href":"https:\/\/www.paraphernalia.gr\/shop\/wp-json\/wp\/v2\/product"}],"about":[{"href":"https:\/\/www.paraphernalia.gr\/shop\/wp-json\/wp\/v2\/types\/product"}],"wp:featuredmedia":[{"embeddable":true,"href":"https:\/\/www.paraphernalia.gr\/shop\/wp-json\/wp\/v2\/media\/21415"}],"wp:attachment":[{"href":"https:\/\/www.paraphernalia.gr\/shop\/wp-json\/wp\/v2\/media?parent=20937"}],"wp:term":[{"taxonomy":"product_cat","embeddable":true,"href":"https:\/\/www.paraphernalia.gr\/shop\/wp-json\/wp\/v2\/product_cat?post=20937"},{"taxonomy":"product_tag","embeddable":true,"href":"https:\/\/www.paraphernalia.gr\/shop\/wp-json\/wp\/v2\/product_tag?post=20937"}],"curies":[{"name":"wp","href":"https:\/\/api.w.org\/{rel}","templated":true}]}}