{"id":21025,"date":"2020-01-02T18:22:32","date_gmt":"2020-01-02T18:22:32","guid":{"rendered":"https:\/\/www.paraphernalia.gr\/shop\/?post_type=product&#038;p=21025"},"modified":"2026-04-21T22:26:24","modified_gmt":"2026-04-21T19:26:24","slug":"collect-lighting-dome","status":"publish","type":"product","link":"https:\/\/www.paraphernalia.gr\/shop\/product\/lighting\/lamps\/collect-lighting-dome\/","title":{"rendered":"Collect Lighting &#8211; Dome Shade"},"content":{"rendered":"<p>The minimalist <a href=\"https:\/\/www.paraphernalia.gr\/shop\/?s=collect+lighting&amp;post_type=product\">Collect Lighting System<\/a> can be individually configured and expanded as necessary. The cylindrical socket base is available in two heights and can be combined with any one of the lampshades in the series.\u00a0 Available in a variety of materials and colors the modular principle allows you to develop your very own personal light.<\/p>\n<p>The socket pendant comes complete with a decorative brass ring, ceiling cup and 3m fabric-covered electrical cord.<br \/>\nThis classically dome-shaped lampshade is designed to be a primary light source for dining or reading. Directing and focusing the light wherever you want it, this large and decorative shade is crafted in powder coated metal with a light-reflecting white interior.<\/p>\n<p>Choose first the size and color of the socket and then the color of the lampshade.<br \/>\nThe high or low socket pendant comes in black, brass, cashmere, light grey and rose.<br \/>\nThe dome shade comes in black, brass, cashmere, dark blue, light grey and rose.<\/p>\n<p>Dimensions: socket low \u00d8 6 x H 10.2 cm | socket high \u00d8 6 x H 17 cm | dome shade \u00d8 38 x H 16 cm<br \/>\n3m fabric cable | E27 bulb (not included)<\/p>\n","protected":false},"excerpt":{"rendered":"<p>Collect pendant light with dome shade made <span style=\"font-size: 1.4rem\">of powder coated metal.<br \/>\n<\/span>Designed by Ferm Living in Denmark.<\/p>\n","protected":false},"featured_media":21416,"template":"","meta":{"inline_featured_image":false},"product_cat":[85],"product_tag":[468,312],"class_list":{"0":"post-21025","1":"product","2":"type-product","3":"status-publish","4":"has-post-thumbnail","6":"product_cat-lamps","7":"product_tag-collect-lighting","8":"product_tag-ferm-living","9":"product_shipping_class-normal","11":"first","12":"instock","13":"taxable","14":"shipping-taxable","15":"purchasable","16":"product-type-variable","17":"layout-style-1","18":"col-md-4 col-sm-4 col-xs-6","19":"col-lg-3","20":"product-has-gallery","21":"product-style-slider"},"yoast_head":"<!-- This site is optimized with the Yoast SEO plugin v23.9 - https:\/\/yoast.com\/wordpress\/plugins\/seo\/ -->\n<title>Collect Lighting - Dome Shade - Lamps - Paraphernalia Athens<\/title>\n<meta name=\"robots\" content=\"index, follow, max-snippet:-1, max-image-preview:large, max-video-preview:-1\" \/>\n<link rel=\"canonical\" href=\"https:\/\/www.paraphernalia.gr\/shop\/product\/lighting\/lamps\/collect-lighting-dome\/\" \/>\n<meta property=\"og:locale\" content=\"en_US\" \/>\n<meta property=\"og:type\" content=\"article\" \/>\n<meta property=\"og:title\" content=\"Collect Lighting - Dome Shade - Lamps - Paraphernalia Athens\" \/>\n<meta property=\"og:description\" content=\"Collect pendant light with dome shade made of powder coated metal. Designed by Ferm Living in Denmark.\" \/>\n<meta property=\"og:url\" content=\"https:\/\/www.paraphernalia.gr\/shop\/product\/lighting\/lamps\/collect-lighting-dome\/\" \/>\n<meta property=\"og:site_name\" content=\"Paraphernalia Athens\" \/>\n<meta property=\"article:modified_time\" content=\"2026-04-21T19:26:24+00:00\" \/>\n<meta property=\"og:image\" content=\"https:\/\/www.paraphernalia.gr\/shop\/wp-content\/uploads\/2020\/01\/low-brass-blue-feat.jpg\" \/>\n\t<meta property=\"og:image:width\" content=\"1000\" \/>\n\t<meta property=\"og:image:height\" content=\"1000\" \/>\n\t<meta property=\"og:image:type\" content=\"image\/jpeg\" \/>\n<meta name=\"twitter:label1\" content=\"Est. reading time\" \/>\n\t<meta name=\"twitter:data1\" content=\"2 minutes\" \/>\n<script type=\"application\/ld+json\" class=\"yoast-schema-graph\">{\"@context\":\"https:\/\/schema.org\",\"@graph\":[{\"@type\":\"WebPage\",\"@id\":\"https:\/\/www.paraphernalia.gr\/shop\/product\/lighting\/lamps\/collect-lighting-dome\/\",\"url\":\"https:\/\/www.paraphernalia.gr\/shop\/product\/lighting\/lamps\/collect-lighting-dome\/\",\"name\":\"Collect Lighting - Dome Shade - Lamps - Paraphernalia Athens\",\"isPartOf\":{\"@id\":\"https:\/\/www.paraphernalia.gr\/shop\/#website\"},\"primaryImageOfPage\":{\"@id\":\"https:\/\/www.paraphernalia.gr\/shop\/product\/lighting\/lamps\/collect-lighting-dome\/#primaryimage\"},\"image\":{\"@id\":\"https:\/\/www.paraphernalia.gr\/shop\/product\/lighting\/lamps\/collect-lighting-dome\/#primaryimage\"},\"thumbnailUrl\":\"https:\/\/www.paraphernalia.gr\/shop\/wp-content\/uploads\/2020\/01\/low-brass-blue-feat.jpg\",\"datePublished\":\"2020-01-02T18:22:32+00:00\",\"dateModified\":\"2026-04-21T19:26:24+00:00\",\"breadcrumb\":{\"@id\":\"https:\/\/www.paraphernalia.gr\/shop\/product\/lighting\/lamps\/collect-lighting-dome\/#breadcrumb\"},\"inLanguage\":\"en-US\",\"potentialAction\":[{\"@type\":\"ReadAction\",\"target\":[\"https:\/\/www.paraphernalia.gr\/shop\/product\/lighting\/lamps\/collect-lighting-dome\/\"]}]},{\"@type\":\"ImageObject\",\"inLanguage\":\"en-US\",\"@id\":\"https:\/\/www.paraphernalia.gr\/shop\/product\/lighting\/lamps\/collect-lighting-dome\/#primaryimage\",\"url\":\"https:\/\/www.paraphernalia.gr\/shop\/wp-content\/uploads\/2020\/01\/low-brass-blue-feat.jpg\",\"contentUrl\":\"https:\/\/www.paraphernalia.gr\/shop\/wp-content\/uploads\/2020\/01\/low-brass-blue-feat.jpg\",\"width\":1000,\"height\":1000},{\"@type\":\"BreadcrumbList\",\"@id\":\"https:\/\/www.paraphernalia.gr\/shop\/product\/lighting\/lamps\/collect-lighting-dome\/#breadcrumb\",\"itemListElement\":[{\"@type\":\"ListItem\",\"position\":1,\"name\":\"Home\",\"item\":\"https:\/\/www.paraphernalia.gr\/shop\/\"},{\"@type\":\"ListItem\",\"position\":2,\"name\":\"Shop Redirect\",\"item\":\"https:\/\/www.paraphernalia.gr\/shop\/shop-redirect\/\"},{\"@type\":\"ListItem\",\"position\":3,\"name\":\"Lighting\",\"item\":\"https:\/\/www.paraphernalia.gr\/shop\/product-category\/lighting\/\"},{\"@type\":\"ListItem\",\"position\":4,\"name\":\"Lamps\",\"item\":\"https:\/\/www.paraphernalia.gr\/shop\/product-category\/lighting\/lamps\/\"},{\"@type\":\"ListItem\",\"position\":5,\"name\":\"Collect Lighting &#8211; Dome Shade\"}]},{\"@type\":\"WebSite\",\"@id\":\"https:\/\/www.paraphernalia.gr\/shop\/#website\",\"url\":\"https:\/\/www.paraphernalia.gr\/shop\/\",\"name\":\"Paraphernalia Athens\",\"description\":\"Greece - \u0395\u03bb\u03bb\u03ac\u03b4\u03b1\",\"potentialAction\":[{\"@type\":\"SearchAction\",\"target\":{\"@type\":\"EntryPoint\",\"urlTemplate\":\"https:\/\/www.paraphernalia.gr\/shop\/?s={search_term_string}\"},\"query-input\":{\"@type\":\"PropertyValueSpecification\",\"valueRequired\":true,\"valueName\":\"search_term_string\"}}],\"inLanguage\":\"en-US\"}]}<\/script>\n<!-- \/ Yoast SEO plugin. -->","yoast_head_json":{"title":"Collect Lighting - Dome Shade - Lamps - Paraphernalia Athens","robots":{"index":"index","follow":"follow","max-snippet":"max-snippet:-1","max-image-preview":"max-image-preview:large","max-video-preview":"max-video-preview:-1"},"canonical":"https:\/\/www.paraphernalia.gr\/shop\/product\/lighting\/lamps\/collect-lighting-dome\/","og_locale":"en_US","og_type":"article","og_title":"Collect Lighting - Dome Shade - Lamps - Paraphernalia Athens","og_description":"Collect pendant light with dome shade made of powder coated metal. Designed by Ferm Living in Denmark.","og_url":"https:\/\/www.paraphernalia.gr\/shop\/product\/lighting\/lamps\/collect-lighting-dome\/","og_site_name":"Paraphernalia Athens","article_modified_time":"2026-04-21T19:26:24+00:00","og_image":[{"width":1000,"height":1000,"url":"https:\/\/www.paraphernalia.gr\/shop\/wp-content\/uploads\/2020\/01\/low-brass-blue-feat.jpg","type":"image\/jpeg"}],"twitter_misc":{"Est. reading time":"2 minutes"},"schema":{"@context":"https:\/\/schema.org","@graph":[{"@type":"WebPage","@id":"https:\/\/www.paraphernalia.gr\/shop\/product\/lighting\/lamps\/collect-lighting-dome\/","url":"https:\/\/www.paraphernalia.gr\/shop\/product\/lighting\/lamps\/collect-lighting-dome\/","name":"Collect Lighting - Dome Shade - Lamps - Paraphernalia Athens","isPartOf":{"@id":"https:\/\/www.paraphernalia.gr\/shop\/#website"},"primaryImageOfPage":{"@id":"https:\/\/www.paraphernalia.gr\/shop\/product\/lighting\/lamps\/collect-lighting-dome\/#primaryimage"},"image":{"@id":"https:\/\/www.paraphernalia.gr\/shop\/product\/lighting\/lamps\/collect-lighting-dome\/#primaryimage"},"thumbnailUrl":"https:\/\/www.paraphernalia.gr\/shop\/wp-content\/uploads\/2020\/01\/low-brass-blue-feat.jpg","datePublished":"2020-01-02T18:22:32+00:00","dateModified":"2026-04-21T19:26:24+00:00","breadcrumb":{"@id":"https:\/\/www.paraphernalia.gr\/shop\/product\/lighting\/lamps\/collect-lighting-dome\/#breadcrumb"},"inLanguage":"en-US","potentialAction":[{"@type":"ReadAction","target":["https:\/\/www.paraphernalia.gr\/shop\/product\/lighting\/lamps\/collect-lighting-dome\/"]}]},{"@type":"ImageObject","inLanguage":"en-US","@id":"https:\/\/www.paraphernalia.gr\/shop\/product\/lighting\/lamps\/collect-lighting-dome\/#primaryimage","url":"https:\/\/www.paraphernalia.gr\/shop\/wp-content\/uploads\/2020\/01\/low-brass-blue-feat.jpg","contentUrl":"https:\/\/www.paraphernalia.gr\/shop\/wp-content\/uploads\/2020\/01\/low-brass-blue-feat.jpg","width":1000,"height":1000},{"@type":"BreadcrumbList","@id":"https:\/\/www.paraphernalia.gr\/shop\/product\/lighting\/lamps\/collect-lighting-dome\/#breadcrumb","itemListElement":[{"@type":"ListItem","position":1,"name":"Home","item":"https:\/\/www.paraphernalia.gr\/shop\/"},{"@type":"ListItem","position":2,"name":"Shop Redirect","item":"https:\/\/www.paraphernalia.gr\/shop\/shop-redirect\/"},{"@type":"ListItem","position":3,"name":"Lighting","item":"https:\/\/www.paraphernalia.gr\/shop\/product-category\/lighting\/"},{"@type":"ListItem","position":4,"name":"Lamps","item":"https:\/\/www.paraphernalia.gr\/shop\/product-category\/lighting\/lamps\/"},{"@type":"ListItem","position":5,"name":"Collect Lighting &#8211; Dome Shade"}]},{"@type":"WebSite","@id":"https:\/\/www.paraphernalia.gr\/shop\/#website","url":"https:\/\/www.paraphernalia.gr\/shop\/","name":"Paraphernalia Athens","description":"Greece - \u0395\u03bb\u03bb\u03ac\u03b4\u03b1","potentialAction":[{"@type":"SearchAction","target":{"@type":"EntryPoint","urlTemplate":"https:\/\/www.paraphernalia.gr\/shop\/?s={search_term_string}"},"query-input":{"@type":"PropertyValueSpecification","valueRequired":true,"valueName":"search_term_string"}}],"inLanguage":"en-US"}]}},"_links":{"self":[{"href":"https:\/\/www.paraphernalia.gr\/shop\/wp-json\/wp\/v2\/product\/21025"}],"collection":[{"href":"https:\/\/www.paraphernalia.gr\/shop\/wp-json\/wp\/v2\/product"}],"about":[{"href":"https:\/\/www.paraphernalia.gr\/shop\/wp-json\/wp\/v2\/types\/product"}],"wp:featuredmedia":[{"embeddable":true,"href":"https:\/\/www.paraphernalia.gr\/shop\/wp-json\/wp\/v2\/media\/21416"}],"wp:attachment":[{"href":"https:\/\/www.paraphernalia.gr\/shop\/wp-json\/wp\/v2\/media?parent=21025"}],"wp:term":[{"taxonomy":"product_cat","embeddable":true,"href":"https:\/\/www.paraphernalia.gr\/shop\/wp-json\/wp\/v2\/product_cat?post=21025"},{"taxonomy":"product_tag","embeddable":true,"href":"https:\/\/www.paraphernalia.gr\/shop\/wp-json\/wp\/v2\/product_tag?post=21025"}],"curies":[{"name":"wp","href":"https:\/\/api.w.org\/{rel}","templated":true}]}}