{"id":21160,"date":"2020-01-02T20:14:51","date_gmt":"2020-01-02T20:14:51","guid":{"rendered":"https:\/\/www.paraphernalia.gr\/shop\/?post_type=product&#038;p=21160"},"modified":"2026-04-16T23:30:09","modified_gmt":"2026-04-16T20:30:09","slug":"collect-lighting-cone-shade","status":"publish","type":"product","link":"https:\/\/www.paraphernalia.gr\/shop\/product\/lighting\/lamps\/collect-lighting-cone-shade\/","title":{"rendered":"Collect Lighting &#8211; Cone Shade"},"content":{"rendered":"<p>The minimalist <a href=\"https:\/\/www.paraphernalia.gr\/shop\/?s=collect+lighting&amp;post_type=product\">Collect Lighting System<\/a> can be individually configured and expanded as necessary. The cylindrical socket base is available in two heights and can be combined with any one of the lampshades in the series.\u00a0 Available in a variety of materials and colors the modular principle allows you to develop your very own personal light.<\/p>\n<p>The socket pendant comes complete with a decorative brass ring, ceiling cup and 3m fabric-covered electrical cord.<br \/>\nInspired by classic Coolie and Empire-style lampshades, this powder coated metal design has a conical shape and light-reflecting white interior that disperses the light directly where you need it.<\/p>\n<p>Choose first the size and color of the socket and then the color of the lampshade.<br \/>\nThe high or low socket pendant comes in black, brass, cashmere, light grey and rose.<br \/>\nThe cone shade comes in black, cashmere and light grey.<\/p>\n<p>Dimensions: socket low \u00d8 6 x H 10.2 cm | socket high \u00d8 6 x H 17 cm | cone shade \u00d8 25 x H 12 cm<br \/>\n3m fabric cable | E27 bulb (not included)<\/p>\n","protected":false},"excerpt":{"rendered":"<p>Collect pendant light with cone shade made <span style=\"font-size: 1.4rem;\">of powder coated metal.<br \/>\n<\/span>Designed by Ferm Living in Denmark.<\/p>\n","protected":false},"featured_media":21286,"template":"","meta":{"inline_featured_image":false},"product_cat":[85],"product_tag":[468,312],"class_list":{"0":"post-21160","1":"product","2":"type-product","3":"status-publish","4":"has-post-thumbnail","6":"product_cat-lamps","7":"product_tag-collect-lighting","8":"product_tag-ferm-living","9":"product_shipping_class-normal","11":"first","12":"instock","13":"taxable","14":"shipping-taxable","15":"purchasable","16":"product-type-variable","17":"layout-style-1","18":"col-md-4 col-sm-4 col-xs-6","19":"col-lg-3","20":"product-has-gallery","21":"product-style-slider"},"yoast_head":"<!-- This site is optimized with the Yoast SEO plugin v23.9 - https:\/\/yoast.com\/wordpress\/plugins\/seo\/ -->\n<title>Collect Lighting - Cone Shade - Lamps - Paraphernalia Athens<\/title>\n<meta name=\"robots\" content=\"index, follow, max-snippet:-1, max-image-preview:large, max-video-preview:-1\" \/>\n<link rel=\"canonical\" href=\"https:\/\/www.paraphernalia.gr\/shop\/product\/lighting\/lamps\/collect-lighting-cone-shade\/\" \/>\n<meta property=\"og:locale\" content=\"en_US\" \/>\n<meta property=\"og:type\" content=\"article\" \/>\n<meta property=\"og:title\" content=\"Collect Lighting - Cone Shade - Lamps - Paraphernalia Athens\" \/>\n<meta property=\"og:description\" content=\"Collect pendant light with cone shade made of powder coated metal. Designed by Ferm Living in Denmark.\" \/>\n<meta property=\"og:url\" content=\"https:\/\/www.paraphernalia.gr\/shop\/product\/lighting\/lamps\/collect-lighting-cone-shade\/\" \/>\n<meta property=\"og:site_name\" content=\"Paraphernalia Athens\" \/>\n<meta property=\"article:modified_time\" content=\"2026-04-16T20:30:09+00:00\" \/>\n<meta property=\"og:image\" content=\"https:\/\/www.paraphernalia.gr\/shop\/wp-content\/uploads\/2020\/01\/black-black-feat.jpg\" \/>\n\t<meta property=\"og:image:width\" content=\"1200\" \/>\n\t<meta property=\"og:image:height\" content=\"1200\" \/>\n\t<meta property=\"og:image:type\" content=\"image\/jpeg\" \/>\n<meta name=\"twitter:label1\" content=\"Est. reading time\" \/>\n\t<meta name=\"twitter:data1\" content=\"1 minute\" \/>\n<script type=\"application\/ld+json\" class=\"yoast-schema-graph\">{\"@context\":\"https:\/\/schema.org\",\"@graph\":[{\"@type\":\"WebPage\",\"@id\":\"https:\/\/www.paraphernalia.gr\/shop\/product\/lighting\/lamps\/collect-lighting-cone-shade\/\",\"url\":\"https:\/\/www.paraphernalia.gr\/shop\/product\/lighting\/lamps\/collect-lighting-cone-shade\/\",\"name\":\"Collect Lighting - Cone Shade - Lamps - Paraphernalia Athens\",\"isPartOf\":{\"@id\":\"https:\/\/www.paraphernalia.gr\/shop\/#website\"},\"primaryImageOfPage\":{\"@id\":\"https:\/\/www.paraphernalia.gr\/shop\/product\/lighting\/lamps\/collect-lighting-cone-shade\/#primaryimage\"},\"image\":{\"@id\":\"https:\/\/www.paraphernalia.gr\/shop\/product\/lighting\/lamps\/collect-lighting-cone-shade\/#primaryimage\"},\"thumbnailUrl\":\"https:\/\/www.paraphernalia.gr\/shop\/wp-content\/uploads\/2020\/01\/black-black-feat.jpg\",\"datePublished\":\"2020-01-02T20:14:51+00:00\",\"dateModified\":\"2026-04-16T20:30:09+00:00\",\"breadcrumb\":{\"@id\":\"https:\/\/www.paraphernalia.gr\/shop\/product\/lighting\/lamps\/collect-lighting-cone-shade\/#breadcrumb\"},\"inLanguage\":\"en-US\",\"potentialAction\":[{\"@type\":\"ReadAction\",\"target\":[\"https:\/\/www.paraphernalia.gr\/shop\/product\/lighting\/lamps\/collect-lighting-cone-shade\/\"]}]},{\"@type\":\"ImageObject\",\"inLanguage\":\"en-US\",\"@id\":\"https:\/\/www.paraphernalia.gr\/shop\/product\/lighting\/lamps\/collect-lighting-cone-shade\/#primaryimage\",\"url\":\"https:\/\/www.paraphernalia.gr\/shop\/wp-content\/uploads\/2020\/01\/black-black-feat.jpg\",\"contentUrl\":\"https:\/\/www.paraphernalia.gr\/shop\/wp-content\/uploads\/2020\/01\/black-black-feat.jpg\",\"width\":1200,\"height\":1200},{\"@type\":\"BreadcrumbList\",\"@id\":\"https:\/\/www.paraphernalia.gr\/shop\/product\/lighting\/lamps\/collect-lighting-cone-shade\/#breadcrumb\",\"itemListElement\":[{\"@type\":\"ListItem\",\"position\":1,\"name\":\"Home\",\"item\":\"https:\/\/www.paraphernalia.gr\/shop\/\"},{\"@type\":\"ListItem\",\"position\":2,\"name\":\"Shop Redirect\",\"item\":\"https:\/\/www.paraphernalia.gr\/shop\/shop-redirect\/\"},{\"@type\":\"ListItem\",\"position\":3,\"name\":\"Lighting\",\"item\":\"https:\/\/www.paraphernalia.gr\/shop\/product-category\/lighting\/\"},{\"@type\":\"ListItem\",\"position\":4,\"name\":\"Lamps\",\"item\":\"https:\/\/www.paraphernalia.gr\/shop\/product-category\/lighting\/lamps\/\"},{\"@type\":\"ListItem\",\"position\":5,\"name\":\"Collect Lighting &#8211; Cone Shade\"}]},{\"@type\":\"WebSite\",\"@id\":\"https:\/\/www.paraphernalia.gr\/shop\/#website\",\"url\":\"https:\/\/www.paraphernalia.gr\/shop\/\",\"name\":\"Paraphernalia Athens\",\"description\":\"Greece - \u0395\u03bb\u03bb\u03ac\u03b4\u03b1\",\"potentialAction\":[{\"@type\":\"SearchAction\",\"target\":{\"@type\":\"EntryPoint\",\"urlTemplate\":\"https:\/\/www.paraphernalia.gr\/shop\/?s={search_term_string}\"},\"query-input\":{\"@type\":\"PropertyValueSpecification\",\"valueRequired\":true,\"valueName\":\"search_term_string\"}}],\"inLanguage\":\"en-US\"}]}<\/script>\n<!-- \/ Yoast SEO plugin. -->","yoast_head_json":{"title":"Collect Lighting - Cone Shade - Lamps - Paraphernalia Athens","robots":{"index":"index","follow":"follow","max-snippet":"max-snippet:-1","max-image-preview":"max-image-preview:large","max-video-preview":"max-video-preview:-1"},"canonical":"https:\/\/www.paraphernalia.gr\/shop\/product\/lighting\/lamps\/collect-lighting-cone-shade\/","og_locale":"en_US","og_type":"article","og_title":"Collect Lighting - Cone Shade - Lamps - Paraphernalia Athens","og_description":"Collect pendant light with cone shade made of powder coated metal. Designed by Ferm Living in Denmark.","og_url":"https:\/\/www.paraphernalia.gr\/shop\/product\/lighting\/lamps\/collect-lighting-cone-shade\/","og_site_name":"Paraphernalia Athens","article_modified_time":"2026-04-16T20:30:09+00:00","og_image":[{"width":1200,"height":1200,"url":"https:\/\/www.paraphernalia.gr\/shop\/wp-content\/uploads\/2020\/01\/black-black-feat.jpg","type":"image\/jpeg"}],"twitter_misc":{"Est. reading time":"1 minute"},"schema":{"@context":"https:\/\/schema.org","@graph":[{"@type":"WebPage","@id":"https:\/\/www.paraphernalia.gr\/shop\/product\/lighting\/lamps\/collect-lighting-cone-shade\/","url":"https:\/\/www.paraphernalia.gr\/shop\/product\/lighting\/lamps\/collect-lighting-cone-shade\/","name":"Collect Lighting - Cone Shade - Lamps - Paraphernalia Athens","isPartOf":{"@id":"https:\/\/www.paraphernalia.gr\/shop\/#website"},"primaryImageOfPage":{"@id":"https:\/\/www.paraphernalia.gr\/shop\/product\/lighting\/lamps\/collect-lighting-cone-shade\/#primaryimage"},"image":{"@id":"https:\/\/www.paraphernalia.gr\/shop\/product\/lighting\/lamps\/collect-lighting-cone-shade\/#primaryimage"},"thumbnailUrl":"https:\/\/www.paraphernalia.gr\/shop\/wp-content\/uploads\/2020\/01\/black-black-feat.jpg","datePublished":"2020-01-02T20:14:51+00:00","dateModified":"2026-04-16T20:30:09+00:00","breadcrumb":{"@id":"https:\/\/www.paraphernalia.gr\/shop\/product\/lighting\/lamps\/collect-lighting-cone-shade\/#breadcrumb"},"inLanguage":"en-US","potentialAction":[{"@type":"ReadAction","target":["https:\/\/www.paraphernalia.gr\/shop\/product\/lighting\/lamps\/collect-lighting-cone-shade\/"]}]},{"@type":"ImageObject","inLanguage":"en-US","@id":"https:\/\/www.paraphernalia.gr\/shop\/product\/lighting\/lamps\/collect-lighting-cone-shade\/#primaryimage","url":"https:\/\/www.paraphernalia.gr\/shop\/wp-content\/uploads\/2020\/01\/black-black-feat.jpg","contentUrl":"https:\/\/www.paraphernalia.gr\/shop\/wp-content\/uploads\/2020\/01\/black-black-feat.jpg","width":1200,"height":1200},{"@type":"BreadcrumbList","@id":"https:\/\/www.paraphernalia.gr\/shop\/product\/lighting\/lamps\/collect-lighting-cone-shade\/#breadcrumb","itemListElement":[{"@type":"ListItem","position":1,"name":"Home","item":"https:\/\/www.paraphernalia.gr\/shop\/"},{"@type":"ListItem","position":2,"name":"Shop Redirect","item":"https:\/\/www.paraphernalia.gr\/shop\/shop-redirect\/"},{"@type":"ListItem","position":3,"name":"Lighting","item":"https:\/\/www.paraphernalia.gr\/shop\/product-category\/lighting\/"},{"@type":"ListItem","position":4,"name":"Lamps","item":"https:\/\/www.paraphernalia.gr\/shop\/product-category\/lighting\/lamps\/"},{"@type":"ListItem","position":5,"name":"Collect Lighting &#8211; Cone Shade"}]},{"@type":"WebSite","@id":"https:\/\/www.paraphernalia.gr\/shop\/#website","url":"https:\/\/www.paraphernalia.gr\/shop\/","name":"Paraphernalia Athens","description":"Greece - \u0395\u03bb\u03bb\u03ac\u03b4\u03b1","potentialAction":[{"@type":"SearchAction","target":{"@type":"EntryPoint","urlTemplate":"https:\/\/www.paraphernalia.gr\/shop\/?s={search_term_string}"},"query-input":{"@type":"PropertyValueSpecification","valueRequired":true,"valueName":"search_term_string"}}],"inLanguage":"en-US"}]}},"_links":{"self":[{"href":"https:\/\/www.paraphernalia.gr\/shop\/wp-json\/wp\/v2\/product\/21160"}],"collection":[{"href":"https:\/\/www.paraphernalia.gr\/shop\/wp-json\/wp\/v2\/product"}],"about":[{"href":"https:\/\/www.paraphernalia.gr\/shop\/wp-json\/wp\/v2\/types\/product"}],"wp:featuredmedia":[{"embeddable":true,"href":"https:\/\/www.paraphernalia.gr\/shop\/wp-json\/wp\/v2\/media\/21286"}],"wp:attachment":[{"href":"https:\/\/www.paraphernalia.gr\/shop\/wp-json\/wp\/v2\/media?parent=21160"}],"wp:term":[{"taxonomy":"product_cat","embeddable":true,"href":"https:\/\/www.paraphernalia.gr\/shop\/wp-json\/wp\/v2\/product_cat?post=21160"},{"taxonomy":"product_tag","embeddable":true,"href":"https:\/\/www.paraphernalia.gr\/shop\/wp-json\/wp\/v2\/product_tag?post=21160"}],"curies":[{"name":"wp","href":"https:\/\/api.w.org\/{rel}","templated":true}]}}