{"id":32711,"date":"2021-02-28T08:12:08","date_gmt":"2021-02-28T08:12:08","guid":{"rendered":"https:\/\/www.paraphernalia.gr\/shop\/?post_type=product&#038;p=32711"},"modified":"2022-08-23T05:35:18","modified_gmt":"2022-08-23T05:35:18","slug":"the-dots-oak-x5","status":"publish","type":"product","link":"https:\/\/www.paraphernalia.gr\/shop\/product\/homeware\/utility\/the-dots-oak-x5\/","title":{"rendered":"The Dots Oak x5"},"content":{"rendered":"<div>\n<p>The Dots are versatile wooden hooks in a functional, vibrant design.<\/p>\n<div role=\"tablist\">\n<div id=\"product.info.description\" role=\"tabpanel\" data-role=\"content\" aria-labelledby=\"tab-label-product.info.description\" aria-hidden=\"false\">\n<div>\n<p>Taking a playful approach to the conventional coat hook, Dots can be arranged in infinite numbers and combinations in a variety of sizes.<br \/>\nTheir diverse range of uses makes them practical for both private and professional spaces.<\/p>\n<div title=\"Page 126\">\n<div>\n<div>\n<div>\n<p>Produced from high quality wood, the coat hooks\u2019 sculptural design can be arranged on the wall in exactly the pattern and color combination that is desired. Ideal for offices, hotel rooms and reception areas.<\/p>\n<\/div>\n<\/div>\n<\/div>\n<\/div>\n<\/div>\n<p>Set of 5 (1 large, 1 medium, 3 small).<br \/>\nDimensions: small \u00d8 9 cm, medium \u00d8 13 cm, large \u00d8 17 cm<\/p>\n<\/div>\n<\/div>\n<\/div>\n","protected":false},"excerpt":{"rendered":"<p>Set of 5 oiled oak hooks. Designed by Lars Torn\u00f8e for Muuto in Denmark.<\/p>\n","protected":false},"featured_media":32715,"template":"","meta":{"inline_featured_image":false},"product_cat":[112],"product_tag":[],"class_list":{"0":"post-32711","1":"product","2":"type-product","3":"status-publish","4":"has-post-thumbnail","6":"product_cat-utility","7":"product_shipping_class-normal","9":"first","10":"instock","11":"taxable","12":"shipping-taxable","13":"purchasable","14":"product-type-simple","15":"layout-style-1","16":"col-md-4 col-sm-4 col-xs-6","17":"col-lg-3","18":"product-has-gallery","19":"product-style-slider"},"yoast_head":"<!-- This site is optimized with the Yoast SEO plugin v23.9 - https:\/\/yoast.com\/wordpress\/plugins\/seo\/ -->\n<title>The Dots Oak x5 - Utility &amp; Hardware - Paraphernalia Athens<\/title>\n<meta name=\"robots\" content=\"index, follow, max-snippet:-1, max-image-preview:large, max-video-preview:-1\" \/>\n<link rel=\"canonical\" href=\"https:\/\/www.paraphernalia.gr\/shop\/product\/homeware\/utility\/the-dots-oak-x5\/\" \/>\n<meta property=\"og:locale\" content=\"en_US\" \/>\n<meta property=\"og:type\" content=\"article\" \/>\n<meta property=\"og:title\" content=\"The Dots Oak x5 - Utility &amp; Hardware - Paraphernalia Athens\" \/>\n<meta property=\"og:description\" content=\"Set of 5 oiled oak hooks. Designed by Lars Torn\u00f8e for Muuto in Denmark.\" \/>\n<meta property=\"og:url\" content=\"https:\/\/www.paraphernalia.gr\/shop\/product\/homeware\/utility\/the-dots-oak-x5\/\" \/>\n<meta property=\"og:site_name\" content=\"Paraphernalia Athens\" \/>\n<meta property=\"article:modified_time\" content=\"2022-08-23T05:35:18+00:00\" \/>\n<meta property=\"og:image\" content=\"https:\/\/www.paraphernalia.gr\/shop\/wp-content\/uploads\/2021\/02\/Muuto-The-Dots-coat-hanger-set-of-5-oak-5500x5500px_150.jpg\" \/>\n\t<meta property=\"og:image:width\" content=\"1200\" \/>\n\t<meta property=\"og:image:height\" content=\"1200\" \/>\n\t<meta property=\"og:image:type\" content=\"image\/jpeg\" \/>\n<script type=\"application\/ld+json\" class=\"yoast-schema-graph\">{\"@context\":\"https:\/\/schema.org\",\"@graph\":[{\"@type\":\"WebPage\",\"@id\":\"https:\/\/www.paraphernalia.gr\/shop\/product\/homeware\/utility\/the-dots-oak-x5\/\",\"url\":\"https:\/\/www.paraphernalia.gr\/shop\/product\/homeware\/utility\/the-dots-oak-x5\/\",\"name\":\"The Dots Oak x5 - Utility &amp; Hardware - Paraphernalia Athens\",\"isPartOf\":{\"@id\":\"https:\/\/www.paraphernalia.gr\/shop\/#website\"},\"primaryImageOfPage\":{\"@id\":\"https:\/\/www.paraphernalia.gr\/shop\/product\/homeware\/utility\/the-dots-oak-x5\/#primaryimage\"},\"image\":{\"@id\":\"https:\/\/www.paraphernalia.gr\/shop\/product\/homeware\/utility\/the-dots-oak-x5\/#primaryimage\"},\"thumbnailUrl\":\"https:\/\/www.paraphernalia.gr\/shop\/wp-content\/uploads\/2021\/02\/Muuto-The-Dots-coat-hanger-set-of-5-oak-5500x5500px_150.jpg\",\"datePublished\":\"2021-02-28T08:12:08+00:00\",\"dateModified\":\"2022-08-23T05:35:18+00:00\",\"breadcrumb\":{\"@id\":\"https:\/\/www.paraphernalia.gr\/shop\/product\/homeware\/utility\/the-dots-oak-x5\/#breadcrumb\"},\"inLanguage\":\"en-US\",\"potentialAction\":[{\"@type\":\"ReadAction\",\"target\":[\"https:\/\/www.paraphernalia.gr\/shop\/product\/homeware\/utility\/the-dots-oak-x5\/\"]}]},{\"@type\":\"ImageObject\",\"inLanguage\":\"en-US\",\"@id\":\"https:\/\/www.paraphernalia.gr\/shop\/product\/homeware\/utility\/the-dots-oak-x5\/#primaryimage\",\"url\":\"https:\/\/www.paraphernalia.gr\/shop\/wp-content\/uploads\/2021\/02\/Muuto-The-Dots-coat-hanger-set-of-5-oak-5500x5500px_150.jpg\",\"contentUrl\":\"https:\/\/www.paraphernalia.gr\/shop\/wp-content\/uploads\/2021\/02\/Muuto-The-Dots-coat-hanger-set-of-5-oak-5500x5500px_150.jpg\",\"width\":1200,\"height\":1200},{\"@type\":\"BreadcrumbList\",\"@id\":\"https:\/\/www.paraphernalia.gr\/shop\/product\/homeware\/utility\/the-dots-oak-x5\/#breadcrumb\",\"itemListElement\":[{\"@type\":\"ListItem\",\"position\":1,\"name\":\"Home\",\"item\":\"https:\/\/www.paraphernalia.gr\/shop\/\"},{\"@type\":\"ListItem\",\"position\":2,\"name\":\"Shop Redirect\",\"item\":\"https:\/\/www.paraphernalia.gr\/shop\/shop-redirect\/\"},{\"@type\":\"ListItem\",\"position\":3,\"name\":\"Homeware\",\"item\":\"https:\/\/www.paraphernalia.gr\/shop\/product-category\/homeware\/\"},{\"@type\":\"ListItem\",\"position\":4,\"name\":\"Utility &amp; Hardware\",\"item\":\"https:\/\/www.paraphernalia.gr\/shop\/product-category\/homeware\/utility\/\"},{\"@type\":\"ListItem\",\"position\":5,\"name\":\"The Dots Oak x5\"}]},{\"@type\":\"WebSite\",\"@id\":\"https:\/\/www.paraphernalia.gr\/shop\/#website\",\"url\":\"https:\/\/www.paraphernalia.gr\/shop\/\",\"name\":\"Paraphernalia Athens\",\"description\":\"Greece - \u0395\u03bb\u03bb\u03ac\u03b4\u03b1\",\"potentialAction\":[{\"@type\":\"SearchAction\",\"target\":{\"@type\":\"EntryPoint\",\"urlTemplate\":\"https:\/\/www.paraphernalia.gr\/shop\/?s={search_term_string}\"},\"query-input\":{\"@type\":\"PropertyValueSpecification\",\"valueRequired\":true,\"valueName\":\"search_term_string\"}}],\"inLanguage\":\"en-US\"}]}<\/script>\n<!-- \/ Yoast SEO plugin. -->","yoast_head_json":{"title":"The Dots Oak x5 - Utility &amp; Hardware - Paraphernalia Athens","robots":{"index":"index","follow":"follow","max-snippet":"max-snippet:-1","max-image-preview":"max-image-preview:large","max-video-preview":"max-video-preview:-1"},"canonical":"https:\/\/www.paraphernalia.gr\/shop\/product\/homeware\/utility\/the-dots-oak-x5\/","og_locale":"en_US","og_type":"article","og_title":"The Dots Oak x5 - Utility &amp; Hardware - Paraphernalia Athens","og_description":"Set of 5 oiled oak hooks. Designed by Lars Torn\u00f8e for Muuto in Denmark.","og_url":"https:\/\/www.paraphernalia.gr\/shop\/product\/homeware\/utility\/the-dots-oak-x5\/","og_site_name":"Paraphernalia Athens","article_modified_time":"2022-08-23T05:35:18+00:00","og_image":[{"width":1200,"height":1200,"url":"https:\/\/www.paraphernalia.gr\/shop\/wp-content\/uploads\/2021\/02\/Muuto-The-Dots-coat-hanger-set-of-5-oak-5500x5500px_150.jpg","type":"image\/jpeg"}],"schema":{"@context":"https:\/\/schema.org","@graph":[{"@type":"WebPage","@id":"https:\/\/www.paraphernalia.gr\/shop\/product\/homeware\/utility\/the-dots-oak-x5\/","url":"https:\/\/www.paraphernalia.gr\/shop\/product\/homeware\/utility\/the-dots-oak-x5\/","name":"The Dots Oak x5 - Utility &amp; Hardware - Paraphernalia Athens","isPartOf":{"@id":"https:\/\/www.paraphernalia.gr\/shop\/#website"},"primaryImageOfPage":{"@id":"https:\/\/www.paraphernalia.gr\/shop\/product\/homeware\/utility\/the-dots-oak-x5\/#primaryimage"},"image":{"@id":"https:\/\/www.paraphernalia.gr\/shop\/product\/homeware\/utility\/the-dots-oak-x5\/#primaryimage"},"thumbnailUrl":"https:\/\/www.paraphernalia.gr\/shop\/wp-content\/uploads\/2021\/02\/Muuto-The-Dots-coat-hanger-set-of-5-oak-5500x5500px_150.jpg","datePublished":"2021-02-28T08:12:08+00:00","dateModified":"2022-08-23T05:35:18+00:00","breadcrumb":{"@id":"https:\/\/www.paraphernalia.gr\/shop\/product\/homeware\/utility\/the-dots-oak-x5\/#breadcrumb"},"inLanguage":"en-US","potentialAction":[{"@type":"ReadAction","target":["https:\/\/www.paraphernalia.gr\/shop\/product\/homeware\/utility\/the-dots-oak-x5\/"]}]},{"@type":"ImageObject","inLanguage":"en-US","@id":"https:\/\/www.paraphernalia.gr\/shop\/product\/homeware\/utility\/the-dots-oak-x5\/#primaryimage","url":"https:\/\/www.paraphernalia.gr\/shop\/wp-content\/uploads\/2021\/02\/Muuto-The-Dots-coat-hanger-set-of-5-oak-5500x5500px_150.jpg","contentUrl":"https:\/\/www.paraphernalia.gr\/shop\/wp-content\/uploads\/2021\/02\/Muuto-The-Dots-coat-hanger-set-of-5-oak-5500x5500px_150.jpg","width":1200,"height":1200},{"@type":"BreadcrumbList","@id":"https:\/\/www.paraphernalia.gr\/shop\/product\/homeware\/utility\/the-dots-oak-x5\/#breadcrumb","itemListElement":[{"@type":"ListItem","position":1,"name":"Home","item":"https:\/\/www.paraphernalia.gr\/shop\/"},{"@type":"ListItem","position":2,"name":"Shop Redirect","item":"https:\/\/www.paraphernalia.gr\/shop\/shop-redirect\/"},{"@type":"ListItem","position":3,"name":"Homeware","item":"https:\/\/www.paraphernalia.gr\/shop\/product-category\/homeware\/"},{"@type":"ListItem","position":4,"name":"Utility &amp; Hardware","item":"https:\/\/www.paraphernalia.gr\/shop\/product-category\/homeware\/utility\/"},{"@type":"ListItem","position":5,"name":"The Dots Oak x5"}]},{"@type":"WebSite","@id":"https:\/\/www.paraphernalia.gr\/shop\/#website","url":"https:\/\/www.paraphernalia.gr\/shop\/","name":"Paraphernalia Athens","description":"Greece - \u0395\u03bb\u03bb\u03ac\u03b4\u03b1","potentialAction":[{"@type":"SearchAction","target":{"@type":"EntryPoint","urlTemplate":"https:\/\/www.paraphernalia.gr\/shop\/?s={search_term_string}"},"query-input":{"@type":"PropertyValueSpecification","valueRequired":true,"valueName":"search_term_string"}}],"inLanguage":"en-US"}]}},"_links":{"self":[{"href":"https:\/\/www.paraphernalia.gr\/shop\/wp-json\/wp\/v2\/product\/32711"}],"collection":[{"href":"https:\/\/www.paraphernalia.gr\/shop\/wp-json\/wp\/v2\/product"}],"about":[{"href":"https:\/\/www.paraphernalia.gr\/shop\/wp-json\/wp\/v2\/types\/product"}],"wp:featuredmedia":[{"embeddable":true,"href":"https:\/\/www.paraphernalia.gr\/shop\/wp-json\/wp\/v2\/media\/32715"}],"wp:attachment":[{"href":"https:\/\/www.paraphernalia.gr\/shop\/wp-json\/wp\/v2\/media?parent=32711"}],"wp:term":[{"taxonomy":"product_cat","embeddable":true,"href":"https:\/\/www.paraphernalia.gr\/shop\/wp-json\/wp\/v2\/product_cat?post=32711"},{"taxonomy":"product_tag","embeddable":true,"href":"https:\/\/www.paraphernalia.gr\/shop\/wp-json\/wp\/v2\/product_tag?post=32711"}],"curies":[{"name":"wp","href":"https:\/\/api.w.org\/{rel}","templated":true}]}}