{"id":36400,"date":"2021-10-14T15:31:32","date_gmt":"2021-10-14T15:31:32","guid":{"rendered":"https:\/\/www.paraphernalia.gr\/shop\/?post_type=product&#038;p=36400"},"modified":"2026-04-07T13:38:21","modified_gmt":"2026-04-07T10:38:21","slug":"glazed-shades-green-pot","status":"publish","type":"product","link":"https:\/\/www.paraphernalia.gr\/shop\/product\/homeware\/plants-green-living\/glazed-shades-green-pot\/","title":{"rendered":"Glazed Shades Green Pot"},"content":{"rendered":"<p>The Glazed Shades plant pots offer an easy way to add a unique touch to your home d\u00e9cor.<br \/>\n<span style=\"font-size: 1.4rem;\">In a dark green shade, they will look beautiful when filled with your favourite plants or flowers. Simple yet stylish, the glossy glaze gives them a unique touch.\u00a0<\/span><\/p>\n<p>The inside of the pot is treated with a thin waterproof coating but a<span style=\"font-size: 1.4rem;\">s there is no drainage hole in the bottom, plants should not be planted directly in the pot.<\/span><\/p>\n<p>Dimensions: small \u00d8 23 x 19 cm, medium \u00d8 30 x H 23 cm, large \u00d8 36 x 32 cm (approx.) | suitable for indoor use | felt pads on the bottom<br \/>\nThe pots are handmade, so their sizes may differ slightly from those stated.<\/p>\n","protected":false},"excerpt":{"rendered":"<p>Ceramic glazed pot handmade in Portugal.<\/p>\n","protected":false},"featured_media":36402,"template":"","meta":{"inline_featured_image":false},"product_cat":[115],"product_tag":[579,199,236],"class_list":{"0":"post-36400","1":"product","2":"type-product","3":"status-publish","4":"has-post-thumbnail","6":"product_cat-plants-green-living","7":"product_tag-serax","8":"product_tag-vintage","9":"product_tag-236","10":"product_shipping_class-special-shipping","12":"first","13":"instock","14":"taxable","15":"shipping-taxable","16":"purchasable","17":"product-type-variable","18":"layout-style-1","19":"col-md-4 col-sm-4 col-xs-6","20":"col-lg-3","21":"product-has-gallery","22":"product-style-slider"},"yoast_head":"<!-- This site is optimized with the Yoast SEO plugin v23.9 - https:\/\/yoast.com\/wordpress\/plugins\/seo\/ -->\n<title>Glazed Shades Green Pot - Plants &amp; Green Living - Paraphernalia Athens<\/title>\n<meta name=\"robots\" content=\"index, follow, max-snippet:-1, max-image-preview:large, max-video-preview:-1\" \/>\n<link rel=\"canonical\" href=\"https:\/\/www.paraphernalia.gr\/shop\/product\/homeware\/plants-green-living\/glazed-shades-green-pot\/\" \/>\n<meta property=\"og:locale\" content=\"en_US\" \/>\n<meta property=\"og:type\" content=\"article\" \/>\n<meta property=\"og:title\" content=\"Glazed Shades Green Pot - Plants &amp; Green Living - Paraphernalia Athens\" \/>\n<meta property=\"og:description\" content=\"Ceramic glazed pot handmade in Portugal.\" \/>\n<meta property=\"og:url\" content=\"https:\/\/www.paraphernalia.gr\/shop\/product\/homeware\/plants-green-living\/glazed-shades-green-pot\/\" \/>\n<meta property=\"og:site_name\" content=\"Paraphernalia Athens\" \/>\n<meta property=\"article:modified_time\" content=\"2026-04-07T10:38:21+00:00\" \/>\n<meta property=\"og:image\" content=\"https:\/\/www.paraphernalia.gr\/shop\/wp-content\/uploads\/2021\/10\/B9120017_1_12.jpg\" \/>\n\t<meta property=\"og:image:width\" content=\"1537\" \/>\n\t<meta property=\"og:image:height\" content=\"1537\" \/>\n\t<meta property=\"og:image:type\" content=\"image\/jpeg\" \/>\n<meta name=\"twitter:label1\" content=\"Est. reading time\" \/>\n\t<meta name=\"twitter:data1\" content=\"1 minute\" \/>\n<script type=\"application\/ld+json\" class=\"yoast-schema-graph\">{\"@context\":\"https:\/\/schema.org\",\"@graph\":[{\"@type\":\"WebPage\",\"@id\":\"https:\/\/www.paraphernalia.gr\/shop\/product\/homeware\/plants-green-living\/glazed-shades-green-pot\/\",\"url\":\"https:\/\/www.paraphernalia.gr\/shop\/product\/homeware\/plants-green-living\/glazed-shades-green-pot\/\",\"name\":\"Glazed Shades Green Pot - Plants &amp; Green Living - Paraphernalia Athens\",\"isPartOf\":{\"@id\":\"https:\/\/www.paraphernalia.gr\/shop\/#website\"},\"primaryImageOfPage\":{\"@id\":\"https:\/\/www.paraphernalia.gr\/shop\/product\/homeware\/plants-green-living\/glazed-shades-green-pot\/#primaryimage\"},\"image\":{\"@id\":\"https:\/\/www.paraphernalia.gr\/shop\/product\/homeware\/plants-green-living\/glazed-shades-green-pot\/#primaryimage\"},\"thumbnailUrl\":\"https:\/\/www.paraphernalia.gr\/shop\/wp-content\/uploads\/2021\/10\/B9120017_1_12.jpg\",\"datePublished\":\"2021-10-14T15:31:32+00:00\",\"dateModified\":\"2026-04-07T10:38:21+00:00\",\"breadcrumb\":{\"@id\":\"https:\/\/www.paraphernalia.gr\/shop\/product\/homeware\/plants-green-living\/glazed-shades-green-pot\/#breadcrumb\"},\"inLanguage\":\"en-US\",\"potentialAction\":[{\"@type\":\"ReadAction\",\"target\":[\"https:\/\/www.paraphernalia.gr\/shop\/product\/homeware\/plants-green-living\/glazed-shades-green-pot\/\"]}]},{\"@type\":\"ImageObject\",\"inLanguage\":\"en-US\",\"@id\":\"https:\/\/www.paraphernalia.gr\/shop\/product\/homeware\/plants-green-living\/glazed-shades-green-pot\/#primaryimage\",\"url\":\"https:\/\/www.paraphernalia.gr\/shop\/wp-content\/uploads\/2021\/10\/B9120017_1_12.jpg\",\"contentUrl\":\"https:\/\/www.paraphernalia.gr\/shop\/wp-content\/uploads\/2021\/10\/B9120017_1_12.jpg\",\"width\":1537,\"height\":1537},{\"@type\":\"BreadcrumbList\",\"@id\":\"https:\/\/www.paraphernalia.gr\/shop\/product\/homeware\/plants-green-living\/glazed-shades-green-pot\/#breadcrumb\",\"itemListElement\":[{\"@type\":\"ListItem\",\"position\":1,\"name\":\"Home\",\"item\":\"https:\/\/www.paraphernalia.gr\/shop\/\"},{\"@type\":\"ListItem\",\"position\":2,\"name\":\"Shop Redirect\",\"item\":\"https:\/\/www.paraphernalia.gr\/shop\/shop-redirect\/\"},{\"@type\":\"ListItem\",\"position\":3,\"name\":\"Homeware\",\"item\":\"https:\/\/www.paraphernalia.gr\/shop\/product-category\/homeware\/\"},{\"@type\":\"ListItem\",\"position\":4,\"name\":\"Plants &amp; Green Living\",\"item\":\"https:\/\/www.paraphernalia.gr\/shop\/product-category\/homeware\/plants-green-living\/\"},{\"@type\":\"ListItem\",\"position\":5,\"name\":\"Glazed Shades Green Pot\"}]},{\"@type\":\"WebSite\",\"@id\":\"https:\/\/www.paraphernalia.gr\/shop\/#website\",\"url\":\"https:\/\/www.paraphernalia.gr\/shop\/\",\"name\":\"Paraphernalia Athens\",\"description\":\"Greece - \u0395\u03bb\u03bb\u03ac\u03b4\u03b1\",\"potentialAction\":[{\"@type\":\"SearchAction\",\"target\":{\"@type\":\"EntryPoint\",\"urlTemplate\":\"https:\/\/www.paraphernalia.gr\/shop\/?s={search_term_string}\"},\"query-input\":{\"@type\":\"PropertyValueSpecification\",\"valueRequired\":true,\"valueName\":\"search_term_string\"}}],\"inLanguage\":\"en-US\"}]}<\/script>\n<!-- \/ Yoast SEO plugin. -->","yoast_head_json":{"title":"Glazed Shades Green Pot - Plants &amp; Green Living - Paraphernalia Athens","robots":{"index":"index","follow":"follow","max-snippet":"max-snippet:-1","max-image-preview":"max-image-preview:large","max-video-preview":"max-video-preview:-1"},"canonical":"https:\/\/www.paraphernalia.gr\/shop\/product\/homeware\/plants-green-living\/glazed-shades-green-pot\/","og_locale":"en_US","og_type":"article","og_title":"Glazed Shades Green Pot - Plants &amp; Green Living - Paraphernalia Athens","og_description":"Ceramic glazed pot handmade in Portugal.","og_url":"https:\/\/www.paraphernalia.gr\/shop\/product\/homeware\/plants-green-living\/glazed-shades-green-pot\/","og_site_name":"Paraphernalia Athens","article_modified_time":"2026-04-07T10:38:21+00:00","og_image":[{"width":1537,"height":1537,"url":"https:\/\/www.paraphernalia.gr\/shop\/wp-content\/uploads\/2021\/10\/B9120017_1_12.jpg","type":"image\/jpeg"}],"twitter_misc":{"Est. reading time":"1 minute"},"schema":{"@context":"https:\/\/schema.org","@graph":[{"@type":"WebPage","@id":"https:\/\/www.paraphernalia.gr\/shop\/product\/homeware\/plants-green-living\/glazed-shades-green-pot\/","url":"https:\/\/www.paraphernalia.gr\/shop\/product\/homeware\/plants-green-living\/glazed-shades-green-pot\/","name":"Glazed Shades Green Pot - Plants &amp; Green Living - Paraphernalia Athens","isPartOf":{"@id":"https:\/\/www.paraphernalia.gr\/shop\/#website"},"primaryImageOfPage":{"@id":"https:\/\/www.paraphernalia.gr\/shop\/product\/homeware\/plants-green-living\/glazed-shades-green-pot\/#primaryimage"},"image":{"@id":"https:\/\/www.paraphernalia.gr\/shop\/product\/homeware\/plants-green-living\/glazed-shades-green-pot\/#primaryimage"},"thumbnailUrl":"https:\/\/www.paraphernalia.gr\/shop\/wp-content\/uploads\/2021\/10\/B9120017_1_12.jpg","datePublished":"2021-10-14T15:31:32+00:00","dateModified":"2026-04-07T10:38:21+00:00","breadcrumb":{"@id":"https:\/\/www.paraphernalia.gr\/shop\/product\/homeware\/plants-green-living\/glazed-shades-green-pot\/#breadcrumb"},"inLanguage":"en-US","potentialAction":[{"@type":"ReadAction","target":["https:\/\/www.paraphernalia.gr\/shop\/product\/homeware\/plants-green-living\/glazed-shades-green-pot\/"]}]},{"@type":"ImageObject","inLanguage":"en-US","@id":"https:\/\/www.paraphernalia.gr\/shop\/product\/homeware\/plants-green-living\/glazed-shades-green-pot\/#primaryimage","url":"https:\/\/www.paraphernalia.gr\/shop\/wp-content\/uploads\/2021\/10\/B9120017_1_12.jpg","contentUrl":"https:\/\/www.paraphernalia.gr\/shop\/wp-content\/uploads\/2021\/10\/B9120017_1_12.jpg","width":1537,"height":1537},{"@type":"BreadcrumbList","@id":"https:\/\/www.paraphernalia.gr\/shop\/product\/homeware\/plants-green-living\/glazed-shades-green-pot\/#breadcrumb","itemListElement":[{"@type":"ListItem","position":1,"name":"Home","item":"https:\/\/www.paraphernalia.gr\/shop\/"},{"@type":"ListItem","position":2,"name":"Shop Redirect","item":"https:\/\/www.paraphernalia.gr\/shop\/shop-redirect\/"},{"@type":"ListItem","position":3,"name":"Homeware","item":"https:\/\/www.paraphernalia.gr\/shop\/product-category\/homeware\/"},{"@type":"ListItem","position":4,"name":"Plants &amp; Green Living","item":"https:\/\/www.paraphernalia.gr\/shop\/product-category\/homeware\/plants-green-living\/"},{"@type":"ListItem","position":5,"name":"Glazed Shades Green Pot"}]},{"@type":"WebSite","@id":"https:\/\/www.paraphernalia.gr\/shop\/#website","url":"https:\/\/www.paraphernalia.gr\/shop\/","name":"Paraphernalia Athens","description":"Greece - \u0395\u03bb\u03bb\u03ac\u03b4\u03b1","potentialAction":[{"@type":"SearchAction","target":{"@type":"EntryPoint","urlTemplate":"https:\/\/www.paraphernalia.gr\/shop\/?s={search_term_string}"},"query-input":{"@type":"PropertyValueSpecification","valueRequired":true,"valueName":"search_term_string"}}],"inLanguage":"en-US"}]}},"_links":{"self":[{"href":"https:\/\/www.paraphernalia.gr\/shop\/wp-json\/wp\/v2\/product\/36400"}],"collection":[{"href":"https:\/\/www.paraphernalia.gr\/shop\/wp-json\/wp\/v2\/product"}],"about":[{"href":"https:\/\/www.paraphernalia.gr\/shop\/wp-json\/wp\/v2\/types\/product"}],"wp:featuredmedia":[{"embeddable":true,"href":"https:\/\/www.paraphernalia.gr\/shop\/wp-json\/wp\/v2\/media\/36402"}],"wp:attachment":[{"href":"https:\/\/www.paraphernalia.gr\/shop\/wp-json\/wp\/v2\/media?parent=36400"}],"wp:term":[{"taxonomy":"product_cat","embeddable":true,"href":"https:\/\/www.paraphernalia.gr\/shop\/wp-json\/wp\/v2\/product_cat?post=36400"},{"taxonomy":"product_tag","embeddable":true,"href":"https:\/\/www.paraphernalia.gr\/shop\/wp-json\/wp\/v2\/product_tag?post=36400"}],"curies":[{"name":"wp","href":"https:\/\/api.w.org\/{rel}","templated":true}]}}