{"id":42557,"date":"2022-10-30T20:54:39","date_gmt":"2022-10-30T20:54:39","guid":{"rendered":"https:\/\/www.paraphernalia.gr\/shop\/?post_type=product&#038;p=42557"},"modified":"2026-04-27T23:23:23","modified_gmt":"2026-04-27T20:23:23","slug":"aged-iron-candle-stand","status":"publish","type":"product","link":"https:\/\/www.paraphernalia.gr\/shop\/product\/homeware\/decoration\/aged-iron-candle-stand\/","title":{"rendered":"Aged Iron Candle Stand"},"content":{"rendered":"<p>Rich in industrial style, this candle stand is a wonderful addition to your home d\u00e9cor.<br \/>\nThe handmade quality shines through in the surface that shows how the candle stand was formed. The heavy iron and the slim, elongated shape will only become more striking when you add a candle.<br \/>\nIt comes in 3 sizes. Mix the heights to create a stunning display that takes the focus in your windowsill or as a centrepiece on your dining table.<\/p>\n<p>Dimensions: small \u00d8 6 x H 18 cm | medium \u00d8 6 x H 29 cm | large \u00d8 7 x H 41 cm<\/p>\n","protected":false},"excerpt":{"rendered":"<p>Candle stand in rustic iron finish.<\/p>\n","protected":false},"featured_media":48302,"template":"","meta":{"inline_featured_image":false},"product_cat":[100],"product_tag":[761,224,135],"class_list":{"0":"post-42557","1":"product","2":"type-product","3":"status-publish","4":"has-post-thumbnail","6":"product_cat-decoration","7":"product_tag-holiday-mood","8":"product_tag-secret-santa","9":"product_tag-135","10":"product_shipping_class-normal","12":"first","13":"instock","14":"taxable","15":"shipping-taxable","16":"purchasable","17":"product-type-variable","18":"layout-style-1","19":"col-md-4 col-sm-4 col-xs-6","20":"col-lg-3","21":"product-has-gallery","22":"product-style-slider"},"yoast_head":"<!-- This site is optimized with the Yoast SEO plugin v23.9 - https:\/\/yoast.com\/wordpress\/plugins\/seo\/ -->\n<title>Aged Iron Candle Stand - Decoration - Paraphernalia Athens<\/title>\n<meta name=\"robots\" content=\"index, follow, max-snippet:-1, max-image-preview:large, max-video-preview:-1\" \/>\n<link rel=\"canonical\" href=\"https:\/\/www.paraphernalia.gr\/shop\/product\/homeware\/decoration\/aged-iron-candle-stand\/\" \/>\n<meta property=\"og:locale\" content=\"en_US\" \/>\n<meta property=\"og:type\" content=\"article\" \/>\n<meta property=\"og:title\" content=\"Aged Iron Candle Stand - Decoration - Paraphernalia Athens\" \/>\n<meta property=\"og:description\" content=\"Candle stand in rustic iron finish.\" \/>\n<meta property=\"og:url\" content=\"https:\/\/www.paraphernalia.gr\/shop\/product\/homeware\/decoration\/aged-iron-candle-stand\/\" \/>\n<meta property=\"og:site_name\" content=\"Paraphernalia Athens\" \/>\n<meta property=\"article:modified_time\" content=\"2026-04-27T20:23:23+00:00\" \/>\n<meta property=\"og:image\" content=\"https:\/\/www.paraphernalia.gr\/shop\/wp-content\/uploads\/2023\/11\/206200355_01_clipped_rev_1.jpeg\" \/>\n\t<meta property=\"og:image:width\" content=\"1422\" \/>\n\t<meta property=\"og:image:height\" content=\"1421\" \/>\n\t<meta property=\"og:image:type\" content=\"image\/jpeg\" \/>\n<meta name=\"twitter:label1\" content=\"Est. reading time\" \/>\n\t<meta name=\"twitter:data1\" content=\"1 minute\" \/>\n<script type=\"application\/ld+json\" class=\"yoast-schema-graph\">{\"@context\":\"https:\/\/schema.org\",\"@graph\":[{\"@type\":\"WebPage\",\"@id\":\"https:\/\/www.paraphernalia.gr\/shop\/product\/homeware\/decoration\/aged-iron-candle-stand\/\",\"url\":\"https:\/\/www.paraphernalia.gr\/shop\/product\/homeware\/decoration\/aged-iron-candle-stand\/\",\"name\":\"Aged Iron Candle Stand - Decoration - Paraphernalia Athens\",\"isPartOf\":{\"@id\":\"https:\/\/www.paraphernalia.gr\/shop\/#website\"},\"primaryImageOfPage\":{\"@id\":\"https:\/\/www.paraphernalia.gr\/shop\/product\/homeware\/decoration\/aged-iron-candle-stand\/#primaryimage\"},\"image\":{\"@id\":\"https:\/\/www.paraphernalia.gr\/shop\/product\/homeware\/decoration\/aged-iron-candle-stand\/#primaryimage\"},\"thumbnailUrl\":\"https:\/\/www.paraphernalia.gr\/shop\/wp-content\/uploads\/2023\/11\/206200355_01_clipped_rev_1.jpeg\",\"datePublished\":\"2022-10-30T20:54:39+00:00\",\"dateModified\":\"2026-04-27T20:23:23+00:00\",\"breadcrumb\":{\"@id\":\"https:\/\/www.paraphernalia.gr\/shop\/product\/homeware\/decoration\/aged-iron-candle-stand\/#breadcrumb\"},\"inLanguage\":\"en-US\",\"potentialAction\":[{\"@type\":\"ReadAction\",\"target\":[\"https:\/\/www.paraphernalia.gr\/shop\/product\/homeware\/decoration\/aged-iron-candle-stand\/\"]}]},{\"@type\":\"ImageObject\",\"inLanguage\":\"en-US\",\"@id\":\"https:\/\/www.paraphernalia.gr\/shop\/product\/homeware\/decoration\/aged-iron-candle-stand\/#primaryimage\",\"url\":\"https:\/\/www.paraphernalia.gr\/shop\/wp-content\/uploads\/2023\/11\/206200355_01_clipped_rev_1.jpeg\",\"contentUrl\":\"https:\/\/www.paraphernalia.gr\/shop\/wp-content\/uploads\/2023\/11\/206200355_01_clipped_rev_1.jpeg\",\"width\":1422,\"height\":1421},{\"@type\":\"BreadcrumbList\",\"@id\":\"https:\/\/www.paraphernalia.gr\/shop\/product\/homeware\/decoration\/aged-iron-candle-stand\/#breadcrumb\",\"itemListElement\":[{\"@type\":\"ListItem\",\"position\":1,\"name\":\"Home\",\"item\":\"https:\/\/www.paraphernalia.gr\/shop\/\"},{\"@type\":\"ListItem\",\"position\":2,\"name\":\"Shop Redirect\",\"item\":\"https:\/\/www.paraphernalia.gr\/shop\/shop-redirect\/\"},{\"@type\":\"ListItem\",\"position\":3,\"name\":\"Homeware\",\"item\":\"https:\/\/www.paraphernalia.gr\/shop\/product-category\/homeware\/\"},{\"@type\":\"ListItem\",\"position\":4,\"name\":\"Decoration\",\"item\":\"https:\/\/www.paraphernalia.gr\/shop\/product-category\/homeware\/decoration\/\"},{\"@type\":\"ListItem\",\"position\":5,\"name\":\"Aged Iron Candle Stand\"}]},{\"@type\":\"WebSite\",\"@id\":\"https:\/\/www.paraphernalia.gr\/shop\/#website\",\"url\":\"https:\/\/www.paraphernalia.gr\/shop\/\",\"name\":\"Paraphernalia Athens\",\"description\":\"Greece - \u0395\u03bb\u03bb\u03ac\u03b4\u03b1\",\"potentialAction\":[{\"@type\":\"SearchAction\",\"target\":{\"@type\":\"EntryPoint\",\"urlTemplate\":\"https:\/\/www.paraphernalia.gr\/shop\/?s={search_term_string}\"},\"query-input\":{\"@type\":\"PropertyValueSpecification\",\"valueRequired\":true,\"valueName\":\"search_term_string\"}}],\"inLanguage\":\"en-US\"}]}<\/script>\n<!-- \/ Yoast SEO plugin. -->","yoast_head_json":{"title":"Aged Iron Candle Stand - Decoration - Paraphernalia Athens","robots":{"index":"index","follow":"follow","max-snippet":"max-snippet:-1","max-image-preview":"max-image-preview:large","max-video-preview":"max-video-preview:-1"},"canonical":"https:\/\/www.paraphernalia.gr\/shop\/product\/homeware\/decoration\/aged-iron-candle-stand\/","og_locale":"en_US","og_type":"article","og_title":"Aged Iron Candle Stand - Decoration - Paraphernalia Athens","og_description":"Candle stand in rustic iron finish.","og_url":"https:\/\/www.paraphernalia.gr\/shop\/product\/homeware\/decoration\/aged-iron-candle-stand\/","og_site_name":"Paraphernalia Athens","article_modified_time":"2026-04-27T20:23:23+00:00","og_image":[{"width":1422,"height":1421,"url":"https:\/\/www.paraphernalia.gr\/shop\/wp-content\/uploads\/2023\/11\/206200355_01_clipped_rev_1.jpeg","type":"image\/jpeg"}],"twitter_misc":{"Est. reading time":"1 minute"},"schema":{"@context":"https:\/\/schema.org","@graph":[{"@type":"WebPage","@id":"https:\/\/www.paraphernalia.gr\/shop\/product\/homeware\/decoration\/aged-iron-candle-stand\/","url":"https:\/\/www.paraphernalia.gr\/shop\/product\/homeware\/decoration\/aged-iron-candle-stand\/","name":"Aged Iron Candle Stand - Decoration - Paraphernalia Athens","isPartOf":{"@id":"https:\/\/www.paraphernalia.gr\/shop\/#website"},"primaryImageOfPage":{"@id":"https:\/\/www.paraphernalia.gr\/shop\/product\/homeware\/decoration\/aged-iron-candle-stand\/#primaryimage"},"image":{"@id":"https:\/\/www.paraphernalia.gr\/shop\/product\/homeware\/decoration\/aged-iron-candle-stand\/#primaryimage"},"thumbnailUrl":"https:\/\/www.paraphernalia.gr\/shop\/wp-content\/uploads\/2023\/11\/206200355_01_clipped_rev_1.jpeg","datePublished":"2022-10-30T20:54:39+00:00","dateModified":"2026-04-27T20:23:23+00:00","breadcrumb":{"@id":"https:\/\/www.paraphernalia.gr\/shop\/product\/homeware\/decoration\/aged-iron-candle-stand\/#breadcrumb"},"inLanguage":"en-US","potentialAction":[{"@type":"ReadAction","target":["https:\/\/www.paraphernalia.gr\/shop\/product\/homeware\/decoration\/aged-iron-candle-stand\/"]}]},{"@type":"ImageObject","inLanguage":"en-US","@id":"https:\/\/www.paraphernalia.gr\/shop\/product\/homeware\/decoration\/aged-iron-candle-stand\/#primaryimage","url":"https:\/\/www.paraphernalia.gr\/shop\/wp-content\/uploads\/2023\/11\/206200355_01_clipped_rev_1.jpeg","contentUrl":"https:\/\/www.paraphernalia.gr\/shop\/wp-content\/uploads\/2023\/11\/206200355_01_clipped_rev_1.jpeg","width":1422,"height":1421},{"@type":"BreadcrumbList","@id":"https:\/\/www.paraphernalia.gr\/shop\/product\/homeware\/decoration\/aged-iron-candle-stand\/#breadcrumb","itemListElement":[{"@type":"ListItem","position":1,"name":"Home","item":"https:\/\/www.paraphernalia.gr\/shop\/"},{"@type":"ListItem","position":2,"name":"Shop Redirect","item":"https:\/\/www.paraphernalia.gr\/shop\/shop-redirect\/"},{"@type":"ListItem","position":3,"name":"Homeware","item":"https:\/\/www.paraphernalia.gr\/shop\/product-category\/homeware\/"},{"@type":"ListItem","position":4,"name":"Decoration","item":"https:\/\/www.paraphernalia.gr\/shop\/product-category\/homeware\/decoration\/"},{"@type":"ListItem","position":5,"name":"Aged Iron Candle Stand"}]},{"@type":"WebSite","@id":"https:\/\/www.paraphernalia.gr\/shop\/#website","url":"https:\/\/www.paraphernalia.gr\/shop\/","name":"Paraphernalia Athens","description":"Greece - \u0395\u03bb\u03bb\u03ac\u03b4\u03b1","potentialAction":[{"@type":"SearchAction","target":{"@type":"EntryPoint","urlTemplate":"https:\/\/www.paraphernalia.gr\/shop\/?s={search_term_string}"},"query-input":{"@type":"PropertyValueSpecification","valueRequired":true,"valueName":"search_term_string"}}],"inLanguage":"en-US"}]}},"_links":{"self":[{"href":"https:\/\/www.paraphernalia.gr\/shop\/wp-json\/wp\/v2\/product\/42557"}],"collection":[{"href":"https:\/\/www.paraphernalia.gr\/shop\/wp-json\/wp\/v2\/product"}],"about":[{"href":"https:\/\/www.paraphernalia.gr\/shop\/wp-json\/wp\/v2\/types\/product"}],"wp:featuredmedia":[{"embeddable":true,"href":"https:\/\/www.paraphernalia.gr\/shop\/wp-json\/wp\/v2\/media\/48302"}],"wp:attachment":[{"href":"https:\/\/www.paraphernalia.gr\/shop\/wp-json\/wp\/v2\/media?parent=42557"}],"wp:term":[{"taxonomy":"product_cat","embeddable":true,"href":"https:\/\/www.paraphernalia.gr\/shop\/wp-json\/wp\/v2\/product_cat?post=42557"},{"taxonomy":"product_tag","embeddable":true,"href":"https:\/\/www.paraphernalia.gr\/shop\/wp-json\/wp\/v2\/product_tag?post=42557"}],"curies":[{"name":"wp","href":"https:\/\/api.w.org\/{rel}","templated":true}]}}