{"id":45328,"date":"2023-05-01T12:40:53","date_gmt":"2023-05-01T12:40:53","guid":{"rendered":"https:\/\/www.paraphernalia.gr\/shop\/?post_type=product&#038;p=45328"},"modified":"2026-03-03T10:24:01","modified_gmt":"2026-03-03T07:24:01","slug":"hourglass-planter-cashmere","status":"publish","type":"product","link":"https:\/\/www.paraphernalia.gr\/shop\/product\/homeware\/decoration\/hourglass-planter-cashmere\/","title":{"rendered":"Hourglass Planter Cashmere"},"content":{"rendered":"<p>As a grand gesture to your home and plants, the Hourglass Pot gives your plants an elevated stand and roomy container in which to spread their roots.<br \/>\nYou can use the pot both ways according to the plant\u2019s needs, and no matter which way you turn it you are sure to make a voluminous statement. The pots are made from powder-coated iron with a matte finish and have been treated to be suitable for outdoor use.<\/p>\n<p>The pot can be used upside down.<br \/>\nAvailable in four sizes: extra small \u00d8 21 x H 30 cm | small \u00d8 31 x H 42.5 cm | medium \u00d8 41 x H 59 cm | large \u00d8 50 x H 73 cm<br \/>\nSuitable for indoor and outdoor use | Drainage hole with rubber cap for both directions | When used outdoor it will patinate over time<\/p>\n","protected":false},"excerpt":{"rendered":"<p>Hourglass shaped metal planter designed by Ferm Living in Denmark.<\/p>\n","protected":false},"featured_media":45336,"template":"","meta":{"inline_featured_image":false},"product_cat":[100,115],"product_tag":[],"class_list":{"0":"post-45328","1":"product","2":"type-product","3":"status-publish","4":"has-post-thumbnail","6":"product_cat-decoration","7":"product_cat-plants-green-living","9":"first","10":"instock","11":"taxable","12":"shipping-taxable","13":"purchasable","14":"product-type-variable","15":"layout-style-1","16":"col-md-4 col-sm-4 col-xs-6","17":"col-lg-3","18":"product-has-gallery","19":"product-style-slider"},"yoast_head":"<!-- This site is optimized with the Yoast SEO plugin v23.9 - https:\/\/yoast.com\/wordpress\/plugins\/seo\/ -->\n<title>Hourglass Planter Cashmere - Decoration, Plants &amp; Green Living - Paraphernalia Athens<\/title>\n<meta name=\"robots\" content=\"index, follow, max-snippet:-1, max-image-preview:large, max-video-preview:-1\" \/>\n<link rel=\"canonical\" href=\"https:\/\/www.paraphernalia.gr\/shop\/product\/homeware\/decoration\/hourglass-planter-cashmere\/\" \/>\n<meta property=\"og:locale\" content=\"en_US\" \/>\n<meta property=\"og:type\" content=\"article\" \/>\n<meta property=\"og:title\" content=\"Hourglass Planter Cashmere - Decoration, Plants &amp; Green Living - Paraphernalia Athens\" \/>\n<meta property=\"og:description\" content=\"Hourglass shaped metal planter designed by Ferm Living in Denmark.\" \/>\n<meta property=\"og:url\" content=\"https:\/\/www.paraphernalia.gr\/shop\/product\/homeware\/decoration\/hourglass-planter-cashmere\/\" \/>\n<meta property=\"og:site_name\" content=\"Paraphernalia Athens\" \/>\n<meta property=\"article:modified_time\" content=\"2026-03-03T07:24:01+00:00\" \/>\n<meta property=\"og:image\" content=\"https:\/\/www.paraphernalia.gr\/shop\/wp-content\/uploads\/2023\/05\/fermLIVING_SS23_HourglassPots_1104266677_1104266678_1104266679_1104266680_1-2.jpg\" \/>\n\t<meta property=\"og:image:width\" content=\"1200\" \/>\n\t<meta property=\"og:image:height\" content=\"1200\" \/>\n\t<meta property=\"og:image:type\" content=\"image\/jpeg\" \/>\n<meta name=\"twitter:label1\" content=\"Est. reading time\" \/>\n\t<meta name=\"twitter:data1\" content=\"1 minute\" \/>\n<script type=\"application\/ld+json\" class=\"yoast-schema-graph\">{\"@context\":\"https:\/\/schema.org\",\"@graph\":[{\"@type\":\"WebPage\",\"@id\":\"https:\/\/www.paraphernalia.gr\/shop\/product\/homeware\/decoration\/hourglass-planter-cashmere\/\",\"url\":\"https:\/\/www.paraphernalia.gr\/shop\/product\/homeware\/decoration\/hourglass-planter-cashmere\/\",\"name\":\"Hourglass Planter Cashmere - Decoration, Plants &amp; Green Living - Paraphernalia Athens\",\"isPartOf\":{\"@id\":\"https:\/\/www.paraphernalia.gr\/shop\/#website\"},\"primaryImageOfPage\":{\"@id\":\"https:\/\/www.paraphernalia.gr\/shop\/product\/homeware\/decoration\/hourglass-planter-cashmere\/#primaryimage\"},\"image\":{\"@id\":\"https:\/\/www.paraphernalia.gr\/shop\/product\/homeware\/decoration\/hourglass-planter-cashmere\/#primaryimage\"},\"thumbnailUrl\":\"https:\/\/www.paraphernalia.gr\/shop\/wp-content\/uploads\/2023\/05\/fermLIVING_SS23_HourglassPots_1104266677_1104266678_1104266679_1104266680_1-2.jpg\",\"datePublished\":\"2023-05-01T12:40:53+00:00\",\"dateModified\":\"2026-03-03T07:24:01+00:00\",\"breadcrumb\":{\"@id\":\"https:\/\/www.paraphernalia.gr\/shop\/product\/homeware\/decoration\/hourglass-planter-cashmere\/#breadcrumb\"},\"inLanguage\":\"en-US\",\"potentialAction\":[{\"@type\":\"ReadAction\",\"target\":[\"https:\/\/www.paraphernalia.gr\/shop\/product\/homeware\/decoration\/hourglass-planter-cashmere\/\"]}]},{\"@type\":\"ImageObject\",\"inLanguage\":\"en-US\",\"@id\":\"https:\/\/www.paraphernalia.gr\/shop\/product\/homeware\/decoration\/hourglass-planter-cashmere\/#primaryimage\",\"url\":\"https:\/\/www.paraphernalia.gr\/shop\/wp-content\/uploads\/2023\/05\/fermLIVING_SS23_HourglassPots_1104266677_1104266678_1104266679_1104266680_1-2.jpg\",\"contentUrl\":\"https:\/\/www.paraphernalia.gr\/shop\/wp-content\/uploads\/2023\/05\/fermLIVING_SS23_HourglassPots_1104266677_1104266678_1104266679_1104266680_1-2.jpg\",\"width\":1200,\"height\":1200},{\"@type\":\"BreadcrumbList\",\"@id\":\"https:\/\/www.paraphernalia.gr\/shop\/product\/homeware\/decoration\/hourglass-planter-cashmere\/#breadcrumb\",\"itemListElement\":[{\"@type\":\"ListItem\",\"position\":1,\"name\":\"Home\",\"item\":\"https:\/\/www.paraphernalia.gr\/shop\/\"},{\"@type\":\"ListItem\",\"position\":2,\"name\":\"Shop Redirect\",\"item\":\"https:\/\/www.paraphernalia.gr\/shop\/shop-redirect\/\"},{\"@type\":\"ListItem\",\"position\":3,\"name\":\"Homeware\",\"item\":\"https:\/\/www.paraphernalia.gr\/shop\/product-category\/homeware\/\"},{\"@type\":\"ListItem\",\"position\":4,\"name\":\"Decoration\",\"item\":\"https:\/\/www.paraphernalia.gr\/shop\/product-category\/homeware\/decoration\/\"},{\"@type\":\"ListItem\",\"position\":5,\"name\":\"Hourglass Planter Cashmere\"}]},{\"@type\":\"WebSite\",\"@id\":\"https:\/\/www.paraphernalia.gr\/shop\/#website\",\"url\":\"https:\/\/www.paraphernalia.gr\/shop\/\",\"name\":\"Paraphernalia Athens\",\"description\":\"Greece - \u0395\u03bb\u03bb\u03ac\u03b4\u03b1\",\"potentialAction\":[{\"@type\":\"SearchAction\",\"target\":{\"@type\":\"EntryPoint\",\"urlTemplate\":\"https:\/\/www.paraphernalia.gr\/shop\/?s={search_term_string}\"},\"query-input\":{\"@type\":\"PropertyValueSpecification\",\"valueRequired\":true,\"valueName\":\"search_term_string\"}}],\"inLanguage\":\"en-US\"}]}<\/script>\n<!-- \/ Yoast SEO plugin. -->","yoast_head_json":{"title":"Hourglass Planter Cashmere - Decoration, Plants &amp; Green Living - Paraphernalia Athens","robots":{"index":"index","follow":"follow","max-snippet":"max-snippet:-1","max-image-preview":"max-image-preview:large","max-video-preview":"max-video-preview:-1"},"canonical":"https:\/\/www.paraphernalia.gr\/shop\/product\/homeware\/decoration\/hourglass-planter-cashmere\/","og_locale":"en_US","og_type":"article","og_title":"Hourglass Planter Cashmere - Decoration, Plants &amp; Green Living - Paraphernalia Athens","og_description":"Hourglass shaped metal planter designed by Ferm Living in Denmark.","og_url":"https:\/\/www.paraphernalia.gr\/shop\/product\/homeware\/decoration\/hourglass-planter-cashmere\/","og_site_name":"Paraphernalia Athens","article_modified_time":"2026-03-03T07:24:01+00:00","og_image":[{"width":1200,"height":1200,"url":"https:\/\/www.paraphernalia.gr\/shop\/wp-content\/uploads\/2023\/05\/fermLIVING_SS23_HourglassPots_1104266677_1104266678_1104266679_1104266680_1-2.jpg","type":"image\/jpeg"}],"twitter_misc":{"Est. reading time":"1 minute"},"schema":{"@context":"https:\/\/schema.org","@graph":[{"@type":"WebPage","@id":"https:\/\/www.paraphernalia.gr\/shop\/product\/homeware\/decoration\/hourglass-planter-cashmere\/","url":"https:\/\/www.paraphernalia.gr\/shop\/product\/homeware\/decoration\/hourglass-planter-cashmere\/","name":"Hourglass Planter Cashmere - Decoration, Plants &amp; Green Living - Paraphernalia Athens","isPartOf":{"@id":"https:\/\/www.paraphernalia.gr\/shop\/#website"},"primaryImageOfPage":{"@id":"https:\/\/www.paraphernalia.gr\/shop\/product\/homeware\/decoration\/hourglass-planter-cashmere\/#primaryimage"},"image":{"@id":"https:\/\/www.paraphernalia.gr\/shop\/product\/homeware\/decoration\/hourglass-planter-cashmere\/#primaryimage"},"thumbnailUrl":"https:\/\/www.paraphernalia.gr\/shop\/wp-content\/uploads\/2023\/05\/fermLIVING_SS23_HourglassPots_1104266677_1104266678_1104266679_1104266680_1-2.jpg","datePublished":"2023-05-01T12:40:53+00:00","dateModified":"2026-03-03T07:24:01+00:00","breadcrumb":{"@id":"https:\/\/www.paraphernalia.gr\/shop\/product\/homeware\/decoration\/hourglass-planter-cashmere\/#breadcrumb"},"inLanguage":"en-US","potentialAction":[{"@type":"ReadAction","target":["https:\/\/www.paraphernalia.gr\/shop\/product\/homeware\/decoration\/hourglass-planter-cashmere\/"]}]},{"@type":"ImageObject","inLanguage":"en-US","@id":"https:\/\/www.paraphernalia.gr\/shop\/product\/homeware\/decoration\/hourglass-planter-cashmere\/#primaryimage","url":"https:\/\/www.paraphernalia.gr\/shop\/wp-content\/uploads\/2023\/05\/fermLIVING_SS23_HourglassPots_1104266677_1104266678_1104266679_1104266680_1-2.jpg","contentUrl":"https:\/\/www.paraphernalia.gr\/shop\/wp-content\/uploads\/2023\/05\/fermLIVING_SS23_HourglassPots_1104266677_1104266678_1104266679_1104266680_1-2.jpg","width":1200,"height":1200},{"@type":"BreadcrumbList","@id":"https:\/\/www.paraphernalia.gr\/shop\/product\/homeware\/decoration\/hourglass-planter-cashmere\/#breadcrumb","itemListElement":[{"@type":"ListItem","position":1,"name":"Home","item":"https:\/\/www.paraphernalia.gr\/shop\/"},{"@type":"ListItem","position":2,"name":"Shop Redirect","item":"https:\/\/www.paraphernalia.gr\/shop\/shop-redirect\/"},{"@type":"ListItem","position":3,"name":"Homeware","item":"https:\/\/www.paraphernalia.gr\/shop\/product-category\/homeware\/"},{"@type":"ListItem","position":4,"name":"Decoration","item":"https:\/\/www.paraphernalia.gr\/shop\/product-category\/homeware\/decoration\/"},{"@type":"ListItem","position":5,"name":"Hourglass Planter Cashmere"}]},{"@type":"WebSite","@id":"https:\/\/www.paraphernalia.gr\/shop\/#website","url":"https:\/\/www.paraphernalia.gr\/shop\/","name":"Paraphernalia Athens","description":"Greece - \u0395\u03bb\u03bb\u03ac\u03b4\u03b1","potentialAction":[{"@type":"SearchAction","target":{"@type":"EntryPoint","urlTemplate":"https:\/\/www.paraphernalia.gr\/shop\/?s={search_term_string}"},"query-input":{"@type":"PropertyValueSpecification","valueRequired":true,"valueName":"search_term_string"}}],"inLanguage":"en-US"}]}},"_links":{"self":[{"href":"https:\/\/www.paraphernalia.gr\/shop\/wp-json\/wp\/v2\/product\/45328"}],"collection":[{"href":"https:\/\/www.paraphernalia.gr\/shop\/wp-json\/wp\/v2\/product"}],"about":[{"href":"https:\/\/www.paraphernalia.gr\/shop\/wp-json\/wp\/v2\/types\/product"}],"wp:featuredmedia":[{"embeddable":true,"href":"https:\/\/www.paraphernalia.gr\/shop\/wp-json\/wp\/v2\/media\/45336"}],"wp:attachment":[{"href":"https:\/\/www.paraphernalia.gr\/shop\/wp-json\/wp\/v2\/media?parent=45328"}],"wp:term":[{"taxonomy":"product_cat","embeddable":true,"href":"https:\/\/www.paraphernalia.gr\/shop\/wp-json\/wp\/v2\/product_cat?post=45328"},{"taxonomy":"product_tag","embeddable":true,"href":"https:\/\/www.paraphernalia.gr\/shop\/wp-json\/wp\/v2\/product_tag?post=45328"}],"curies":[{"name":"wp","href":"https:\/\/api.w.org\/{rel}","templated":true}]}}